{"id":905,"date":"2022-04-28T11:01:34","date_gmt":"2022-04-28T11:01:34","guid":{"rendered":"https:\/\/esteticaavanzadaesther.com\/centromedicoesther\/?page_id=905"},"modified":"2022-04-28T11:03:41","modified_gmt":"2022-04-28T11:03:41","slug":"aviso-legal","status":"publish","type":"page","link":"https:\/\/esteticaavanzadaesther.com\/?page_id=905","title":{"rendered":"Aviso Legal"},"content":{"rendered":"\t\t<div data-elementor-type=\"wp-page\" data-elementor-id=\"905\" class=\"elementor elementor-905\">\n\t\t\t\t\t\t\t\t\t<section class=\"elementor-section elementor-top-section elementor-element elementor-element-e57288a elementor-section-height-min-height elementor-section-boxed elementor-section-height-default elementor-section-items-middle\" data-id=\"e57288a\" data-element_type=\"section\" data-settings=\"{&quot;background_background&quot;:&quot;classic&quot;}\">\n\t\t\t\t\t\t<div class=\"elementor-container elementor-column-gap-no\">\n\t\t\t\t\t<div class=\"elementor-column elementor-col-100 elementor-top-column elementor-element elementor-element-a5053a3\" data-id=\"a5053a3\" data-element_type=\"column\">\n\t\t\t<div class=\"elementor-widget-wrap elementor-element-populated\">\n\t\t\t\t\t\t\t\t<div class=\"elementor-element elementor-element-cfde280 elementor-widget elementor-widget-heading\" data-id=\"cfde280\" data-element_type=\"widget\" data-widget_type=\"heading.default\">\n\t\t\t\t<div class=\"elementor-widget-container\">\n\t\t\t<style>\/*! elementor - v3.6.6 - 08-06-2022 *\/\n.elementor-heading-title{padding:0;margin:0;line-height:1}.elementor-widget-heading .elementor-heading-title[class*=elementor-size-]>a{color:inherit;font-size:inherit;line-height:inherit}.elementor-widget-heading .elementor-heading-title.elementor-size-small{font-size:15px}.elementor-widget-heading .elementor-heading-title.elementor-size-medium{font-size:19px}.elementor-widget-heading .elementor-heading-title.elementor-size-large{font-size:29px}.elementor-widget-heading .elementor-heading-title.elementor-size-xl{font-size:39px}.elementor-widget-heading .elementor-heading-title.elementor-size-xxl{font-size:59px}<\/style><h1 class=\"elementor-heading-title elementor-size-default\">Aviso Legal<\/h1>\t\t<\/div>\n\t\t\t\t<\/div>\n\t\t\t\t\t<\/div>\n\t\t<\/div>\n\t\t\t\t\t\t\t<\/div>\n\t\t<\/section>\n\t\t\t\t<section class=\"elementor-section elementor-top-section elementor-element elementor-element-b5be491 elementor-section-boxed elementor-section-height-default elementor-section-height-default\" data-id=\"b5be491\" data-element_type=\"section\" data-settings=\"{&quot;background_background&quot;:&quot;classic&quot;}\">\n\t\t\t\t\t\t<div class=\"elementor-container elementor-column-gap-default\">\n\t\t\t\t\t<div class=\"elementor-column elementor-col-100 elementor-top-column elementor-element elementor-element-0996d10\" data-id=\"0996d10\" data-element_type=\"column\">\n\t\t\t<div class=\"elementor-widget-wrap elementor-element-populated\">\n\t\t\t\t\t\t\t\t<div class=\"elementor-element elementor-element-61a5485 elementor-widget elementor-widget-spacer\" data-id=\"61a5485\" data-element_type=\"widget\" data-widget_type=\"spacer.default\">\n\t\t\t\t<div class=\"elementor-widget-container\">\n\t\t\t<style>\/*! elementor - v3.6.6 - 08-06-2022 *\/\n.e-container.e-container--row .elementor-spacer-inner{width:var(--spacer-size)}.e-container.e-container--column .elementor-spacer-inner,.elementor-column .elementor-spacer-inner{height:var(--spacer-size)}<\/style>\t\t<div class=\"elementor-spacer\">\n\t\t\t<div class=\"elementor-spacer-inner\"><\/div>\n\t\t<\/div>\n\t\t\t\t<\/div>\n\t\t\t\t<\/div>\n\t\t\t\t<div class=\"elementor-element elementor-element-a821fc6 elementor-widget elementor-widget-heading\" data-id=\"a821fc6\" data-element_type=\"widget\" data-widget_type=\"heading.default\">\n\t\t\t\t<div class=\"elementor-widget-container\">\n\t\t\t<h2 class=\"elementor-heading-title elementor-size-default\">Aviso Legal<\/h2>\t\t<\/div>\n\t\t\t\t<\/div>\n\t\t\t\t<div class=\"elementor-element elementor-element-a2ada84 elementor-widget elementor-widget-text-editor\" data-id=\"a2ada84\" data-element_type=\"widget\" data-widget_type=\"text-editor.default\">\n\t\t\t\t<div class=\"elementor-widget-container\">\n\t\t\t<style>\/*! elementor - v3.6.6 - 08-06-2022 *\/\n.elementor-widget-text-editor.elementor-drop-cap-view-stacked .elementor-drop-cap{background-color:#818a91;color:#fff}.elementor-widget-text-editor.elementor-drop-cap-view-framed .elementor-drop-cap{color:#818a91;border:3px solid;background-color:transparent}.elementor-widget-text-editor:not(.elementor-drop-cap-view-default) .elementor-drop-cap{margin-top:8px}.elementor-widget-text-editor:not(.elementor-drop-cap-view-default) .elementor-drop-cap-letter{width:1em;height:1em}.elementor-widget-text-editor .elementor-drop-cap{float:left;text-align:center;line-height:1;font-size:50px}.elementor-widget-text-editor .elementor-drop-cap-letter{display:inline-block}<\/style>\t\t\t\t<p><strong>INFORMACI\u00f3N LEGAL, USO DEL SITIO WEB Y ACEPTACI\u00f3N<\/strong><\/p><p>El presente Aviso Legal establece la informaci\u00f3n general que los prestadores de servicios de la sociedad de la informaci\u00f3n vienen obligados a poner a disposici\u00f3n de los consumidores y usuarios, por imperativo del\u00a0<strong>Art.10 de la Ley 34\/2002, de 11 de julio, de servicios de la sociedad de la informaci\u00f3n y de comercio electr\u00f3nico<\/strong>. En consecuencia, se informa de los siguientes extremos:<\/p><ol><li>ESTHER FERN\u00c1NDEZ GIL (N. I. F. 74219348G) es el titular de una p\u00e1gina web que muestra el cat\u00e1logo de servicios relacionados con la belleza y la est\u00e9tica que presta ESTHER FERN\u00c1NDEZ GIL.<\/li><li>El dominio de Internet\u00a0<a href=\"https:\/\/esteticaavanzadaesther.com\/\">https:\/\/esteticaavanzadaesther.com\/<\/a>\u00a0es propiedad de ESTHER FERN\u00c1NDEZ GIL que tiene su domicilio social en Calle San Vicente 4, 03150 Dolores, Alicante (Alicante), con\u00a0\u00a0\u00a0<strong>Telf\u00a0<\/strong>966 711 297 \u2013 652 194 700\u00a0\u00a0<strong>y\u00a0<\/strong>direcci\u00f3n de correo electr\u00f3nico:\u00a0<a href=\"mailto:info@esteticaavanzadaesther.com\">info@esteticaavanzadaesther.com<\/a>.\u00a0 \u00a0<\/li><li>La web\u00a0<a href=\"https:\/\/esteticaavanzadaesther.com\/\">https:\/\/esteticaavanzadaesther.com\/<\/a>\u00a0publica sus precios con IVA incluido.<\/li><\/ol><p><strong>USO DEL SITIO WEB Y ACEPTACI\u00f3N<\/strong><\/p><p>No queda permitido, para menores de catorce a\u00f1os sin consentimiento de los titulares de la patria potestad o tutela, la atribuci\u00f3n de la condici\u00f3n de usuario de este sitio web en base al art\u00edculo 8 del RGPD y la normativa espa\u00f1ola vigente en materia de protecci\u00f3n de datos personales. El incumplimiento por parte del usuario de esta condici\u00f3n tendr\u00e1 como consecuencia la supresi\u00f3n de los datos aportados.<\/p><p>El acceso al sitio Web\u00a0 atribuye la condici\u00f3n de usuario e implica la aceptaci\u00f3n plena y sin reservas por parte del usuario, de todas y cada una de las condiciones contenidas en este Aviso Legal.<\/p><p>El contenido del presente Aviso Legal puede sufrir modificaciones, por lo que su aceptaci\u00f3n por parte del usuario, ser\u00e1 respecto del Aviso Legal publicado por\u00a0 ESTHER FERN\u00c1NDEZ GIL en el momento en que el usuario acceda al sitio Web. Por lo tanto, cada vez que el usuario acceda al sitio Web, deber\u00e1 leer atentamente el presente Aviso Legal.<\/p><p>Asimismo, el acceso al sitio Web se encuentra sometido a todos los avisos, condiciones de uso e instrucciones, puestos en conocimiento del usuario por ESTHER FERN\u00c1NDEZ GIL que sustituyan, completen y\/o modifiquen el presente Aviso Legal.<\/p><p><strong>CONDICIONES DEL SITIO WEB<\/strong><\/p><p>El usuario se compromete a hacer uso de los servicios, productos y utilidades ofrecidos por ESTHER FERN\u00c1NDEZ GIL a trav\u00e9s del sitio Web\u00a0<a href=\"https:\/\/esteticaavanzadaesther.com\/\">https:\/\/esteticaavanzadaesther.com\/<\/a>\u00a0de conformidad con la ley, este Aviso Legal y dem\u00e1s avisos e instrucciones puestos en su conocimiento, as\u00ed como con la moral y las buenas costumbres generalmente aceptadas y el orden p\u00fablico.<\/p><p>Con car\u00e1cter general, el acceso a la informaci\u00f3n y utilidades del sitio Web\u00a0<a href=\"https:\/\/esteticaavanzadaesther.com\/\">https:\/\/esteticaavanzadaesther.com\/<\/a>\u00a0no exige una previa suscripci\u00f3n o registro de usuario. No obstante lo anterior, el acceso a alguno de los servicios o productos que se ofrezcan a trav\u00e9s del sitio Web\u00a0<a href=\"https:\/\/esteticaavanzadaesther.com\/\">https:\/\/esteticaavanzadaesther.com\/<\/a>\u00a0puede estar condicionado a la previa cumplimentaci\u00f3n del formulario de suscripci\u00f3n o registro. A estos efectos el usuario garantiza la autenticidad y veracidad de todos aquellos datos personales que comunique al cumplimentar el formulario de suscripci\u00f3n o registro. El usuario se compromete y responsabiliza de mantener toda la informaci\u00f3n facilitada de forma que responda, en cada momento, a su situaci\u00f3n actual. El tratamiento de los datos de car\u00e1cter personal suministrados por el usuario se realizar\u00e1 por ESTHER FERN\u00c1NDEZ GIL con sujeci\u00f3n a la Pol\u00edtica de Privacidad contenida en este sitio Web.<\/p><p><strong>DERECHOS DE PROPIEDAD INTELECTUAL E INDUSTRIAL<\/strong><\/p><p>Todas las marcas, nombres comerciales, signos distintivos, servicios, contenidos e informaciones de cualquier clase que aparecen en este sitio Web son propiedad de ESTHER FERN\u00c1NDEZ GIL, por lo que no podr\u00e1n ser reproducidos, distribuidos, comunicados p\u00fablicamente, transformados o modificados sin la autorizaci\u00f3n expresa de esta empresa. Por contenidos de este sitio Web entendemos, sin que esta enumeraci\u00f3n tenga car\u00e1cter limitativo, los textos, fotograf\u00edas, gr\u00e1ficos, im\u00e1genes, software, links y dem\u00e1s contenidos audiovisuales o sonoros, as\u00ed como su dise\u00f1o gr\u00e1fico y c\u00f3digos fuente.<\/p><p>El usuario se abstendr\u00e1 de obtener los contenidos empleando para ello medios o procedimientos distintos de los que, seg\u00fan los casos, se han puesto a su disposici\u00f3n o, en general, de los que se empleen habitualmente en Internet siempre que, estos \u00faltimos, no entra\u00f1en un riesgo o da\u00f1o o inutilizaci\u00f3n del sitio Web y\/o sus contenidos.<\/p><p>Las posibles referencias que se hagan en el sitio Web de ESTHER FERN\u00c1NDEZ GIL a cualquier producto, servicio, proceso, enlace, hipertexto o cualquier otra informaci\u00f3n utilizando la marca, el nombre comercial o el fabricante o suministrador, etc. que sean de titularidad de terceros no constituye o implica respaldo, patrocinio o recomendaci\u00f3n por parte de ESTHER FERN\u00c1NDEZ GIL.<\/p><p><strong>Exclusi\u00f3n de responsabilidades y garant\u00edas<\/strong><\/p><ol><li>Contenidos:<\/li><\/ol><p>Los datos, textos, informaciones, im\u00e1genes o sonidos publicados en el sitio Web\u00a0<a href=\"https:\/\/esteticaavanzadaesther.com\/\">https:\/\/esteticaavanzadaesther.com\/<\/a>\u00a0son mostrados con efectos meramente informativos para todas aquellas personas interesadas en los mismos, sin que su acceso genere relaci\u00f3n comercial, contractual o profesional entre los usuarios y ESTHER FERN\u00c1NDEZ GIL, S.L. En caso de discrepancia entre la informaci\u00f3n contenida en el sitio Web y la contenida en papel, prevalecer\u00e1 esta \u00faltima. Se advierte al usuario que antes de emprender cualquier acci\u00f3n derivada del contenido del sitio Web, proceda a verificar la informaci\u00f3n obtenida poni\u00e9ndose en contacto con el departamento de Atenci\u00f3n al Cliente en el tel\u00e9fono 966 711 297 \u2013 652 194 700 o en la direcci\u00f3n de correo electr\u00f3nico\u00a0<a href=\"mailto:info@esteticaavanzadaesther.com\">info@esteticaavanzadaesther.com<\/a>.<\/p><ol start=\"2\"><li>Disponibilidad y continuidad:<\/li><\/ol><p>ESTHER FERN\u00c1NDEZ GIL excluye, con toda la extensi\u00f3n que permite nuestro ordenamiento jur\u00eddico, cualquier responsabilidad por los da\u00f1os y perjuicios de toda naturaleza causados por la falta de disponibilidad o de continuidad del acceso al sitio Web y sus servicios. El acceso a la informaci\u00f3n y servicios que presta este sitio Web tiene, en principio, una duraci\u00f3n indefinida. No obstante, ESTHER FERN\u00c1NDEZ GIL podr\u00e1 dar por terminada o suspender el acceso a su sitio Web en cualquier momento.<\/p><ol start=\"3\"><li>Virus y c\u00f3digos maliciosos:<\/li><\/ol><p>ESTHER FERN\u00c1NDEZ GIL excluye, con toda la extensi\u00f3n que permite nuestro ordenamiento jur\u00eddico, cualquier responsabilidad por los da\u00f1os y perjuicios de toda naturaleza que puedan deberse a la presencia de virus u otros c\u00f3digos maliciosos en los contenidos que puedan producir cualquier tipo de da\u00f1os en el sistema inform\u00e1tico, documentos electr\u00f3nicos o ficheros de los usuarios.<\/p><ol start=\"4\"><li>Linking:<\/li><\/ol><p>ESTHER FERN\u00c1NDEZ GIL excluye, con toda la extensi\u00f3n que permite nuestro ordenamiento jur\u00eddico, cualquier responsabilidad por los da\u00f1os y perjuicios de toda naturaleza causados a los usuarios por el uso de dispositivos t\u00e9cnicos de enlaces (links), directorios y herramientas de b\u00fasqueda, que permiten a los usuarios acceder a sitios Web pertenecientes y\/o gestionados por terceros.<\/p><ol start=\"5\"><li>Uso il\u00edcito:<\/li><\/ol><p>ESTHER FERN\u00c1NDEZ GIL no se hace responsable del incumplimiento de cualquier norma aplicable en que pueda incurrir el usuario en su acceso al sitio Web y\/o utilizaci\u00f3n de las informaciones contenidas en la misma. Tampoco se hace responsable del uso ileg\u00edtimo que terceras personas puedan hacer de los nombres comerciales, marcas u otros signos distintivos que, no siendo propiedad de ESTHER FERN\u00c1NDEZ GIL, aparezcan en el sitio Web.<\/p><p><strong>Protecci\u00f3n de datos de car\u00e1cter personal<\/strong><\/p><p>Para contratar alguno de los servicios o productos de este sitio Web, deber\u00e1 rellenarse el correspondiente formulario de datos personales o el formulario de suscripci\u00f3n o registro. ESTHER FERN\u00c1NDEZ GIL tratar\u00e1 estos datos personales con estricta sujeci\u00f3n a su pol\u00edtica de privacidad contenida en este sitio Web.<\/p><p><strong>CAMPA\u00d1AS PUBLICITARIAS<\/strong><\/p><p>ESTHER FERN\u00c1NDEZ GIL mantiene activas campa\u00f1as de publicidad para la promoci\u00f3n de la empresa. Todas las campa\u00f1as que se realizan en entornos online o en otro tipo de entornos remiten a este sitio Web. Las campa\u00f1as publicitarias respetan escrupulosamente la Ley de Competencia Desleal y la Ley General de Publicidad.<\/p><p><strong>NOTIFICACIONES<\/strong><\/p><p>Todas las notificaciones o comunicaciones realizadas por los usuarios a ESTHER FERN\u00c1NDEZ GIL se considerar\u00e1n eficaces, a todos los efectos, cuando se dirijan al Servicio de Atenci\u00f3n al Cliente por alguna de las siguientes formas:<\/p><ul><li>Mediante env\u00edo postal a la siguiente direcci\u00f3n: Calle San Vicente 4, 03150 Dolores, Alicante (Alicante)<\/li><li>Mediante llamada telef\u00f3nica al n\u00famero 966 711 297 \u2013 652 194 700<\/li><li>Mediante env\u00edo de e-mail a su direcci\u00f3n de correo electr\u00f3nico\u00a0<a href=\"mailto:info@esteticaavanzadaesther.com\">info@esteticaavanzadaesther.com<\/a>.<\/li><\/ul><p>De igual forma, todas las notificaciones que realice ESTHER FERN\u00c1NDEZ GIL al usuario se considerar\u00e1n eficaces, a todos los efectos, cuando se realicen por alguna de las siguientes formas:<\/p><ul><li>Mediante env\u00edo postal a la direcci\u00f3n que el usuario haya previamente puesto en conocimiento de la empresa.<\/li><li>Mediante llamada telef\u00f3nica o fax al n\u00famero que el usuario haya puesto previamente en conocimiento de la empresa.<\/li><li>Mediante env\u00edo de e-mail a la direcci\u00f3n de correo electr\u00f3nico que el usuario haya puesto previamente en conocimiento de la empresa.<\/li><\/ul><p>Por lo tanto, para que estas notificaciones puedan llevarse a efecto es preciso que el usuario manifieste que todos los datos facilitados por \u00e9l son ciertos y actuales, comprometi\u00e9ndose a notificar cualquier modificaci\u00f3n de los mismos.<\/p><p><strong>Legislaci\u00f3n y jurisdicci\u00f3n<\/strong><\/p><p>La Legislaci\u00f3n aplicable al presente Aviso Legal ser\u00e1 la legislaci\u00f3n espa\u00f1ola, y la jurisdicci\u00f3n competente para conocer de cualesquiera demandas que este sitio Web suscite ser\u00e1 la de los Juzgados y Tribunales de Dolores.<\/p>\t\t\t\t\t\t<\/div>\n\t\t\t\t<\/div>\n\t\t\t\t<div class=\"elementor-element elementor-element-6c4d9e1 elementor-widget elementor-widget-spacer\" data-id=\"6c4d9e1\" data-element_type=\"widget\" data-widget_type=\"spacer.default\">\n\t\t\t\t<div class=\"elementor-widget-container\">\n\t\t\t\t\t<div class=\"elementor-spacer\">\n\t\t\t<div class=\"elementor-spacer-inner\"><\/div>\n\t\t<\/div>\n\t\t\t\t<\/div>\n\t\t\t\t<\/div>\n\t\t\t\t\t<\/div>\n\t\t<\/div>\n\t\t\t\t\t\t\t<\/div>\n\t\t<\/section>\n\t\t\t\t\t\t\t<\/div>\n\t\t","protected":false},"excerpt":{"rendered":"<p>Aviso Legal Aviso Legal INFORMACI\u00f3N LEGAL, USO DEL SITIO WEB Y ACEPTACI\u00f3N El presente Aviso Legal establece la informaci\u00f3n general que los prestadores de servicios de la sociedad de la informaci\u00f3n vienen obligados a poner a disposici\u00f3n de los consumidores y usuarios, por imperativo del\u00a0Art.10 de la Ley 34\/2002, de 11 de julio, de servicios &hellip;<\/p>\n<p class=\"read-more\"> <a class=\"\" href=\"https:\/\/esteticaavanzadaesther.com\/?page_id=905\"> <span class=\"screen-reader-text\">Aviso Legal<\/span> Leer m\u00e1s &raquo;<\/a><\/p>\n","protected":false},"author":1,"featured_media":0,"parent":0,"menu_order":0,"comment_status":"closed","ping_status":"closed","template":"elementor_theme","meta":{"site-sidebar-layout":"no-sidebar","site-content-layout":"page-builder","ast-main-header-display":"","ast-hfb-above-header-display":"","ast-hfb-below-header-display":"","ast-hfb-mobile-header-display":"","site-post-title":"disabled","ast-breadcrumbs-content":"disabled","ast-featured-img":"disabled","footer-sml-layout":"","theme-transparent-header-meta":"enabled","adv-header-id-meta":"","stick-header-meta":"","header-above-stick-meta":"","header-main-stick-meta":"","header-below-stick-meta":"","_joinchat":[],"footnotes":""},"class_list":["post-905","page","type-page","status-publish","hentry"],"_links":{"self":[{"href":"https:\/\/esteticaavanzadaesther.com\/index.php?rest_route=\/wp\/v2\/pages\/905","targetHints":{"allow":["GET"]}}],"collection":[{"href":"https:\/\/esteticaavanzadaesther.com\/index.php?rest_route=\/wp\/v2\/pages"}],"about":[{"href":"https:\/\/esteticaavanzadaesther.com\/index.php?rest_route=\/wp\/v2\/types\/page"}],"author":[{"embeddable":true,"href":"https:\/\/esteticaavanzadaesther.com\/index.php?rest_route=\/wp\/v2\/users\/1"}],"replies":[{"embeddable":true,"href":"https:\/\/esteticaavanzadaesther.com\/index.php?rest_route=%2Fwp%2Fv2%2Fcomments&post=905"}],"version-history":[{"count":4,"href":"https:\/\/esteticaavanzadaesther.com\/index.php?rest_route=\/wp\/v2\/pages\/905\/revisions"}],"predecessor-version":[{"id":909,"href":"https:\/\/esteticaavanzadaesther.com\/index.php?rest_route=\/wp\/v2\/pages\/905\/revisions\/909"}],"wp:attachment":[{"href":"https:\/\/esteticaavanzadaesther.com\/index.php?rest_route=%2Fwp%2Fv2%2Fmedia&parent=905"}],"curies":[{"name":"wp","href":"https:\/\/api.w.org\/{rel}","templated":true}]}}