{"id":897,"date":"2022-04-28T10:58:15","date_gmt":"2022-04-28T10:58:15","guid":{"rendered":"https:\/\/esteticaavanzadaesther.com\/centromedicoesther\/?page_id=897"},"modified":"2022-04-28T11:01:00","modified_gmt":"2022-04-28T11:01:00","slug":"politica-de-cookies","status":"publish","type":"page","link":"https:\/\/esteticaavanzadaesther.com\/?page_id=897","title":{"rendered":"Pol\u00edtica de Cookies"},"content":{"rendered":"\t\t<div data-elementor-type=\"wp-page\" data-elementor-id=\"897\" class=\"elementor elementor-897\">\n\t\t\t\t\t\t\t\t\t<section class=\"elementor-section elementor-top-section elementor-element elementor-element-e57288a elementor-section-height-min-height elementor-section-boxed elementor-section-height-default elementor-section-items-middle\" data-id=\"e57288a\" data-element_type=\"section\" data-settings=\"{&quot;background_background&quot;:&quot;classic&quot;}\">\n\t\t\t\t\t\t<div class=\"elementor-container elementor-column-gap-no\">\n\t\t\t\t\t<div class=\"elementor-column elementor-col-100 elementor-top-column elementor-element elementor-element-a5053a3\" data-id=\"a5053a3\" data-element_type=\"column\">\n\t\t\t<div class=\"elementor-widget-wrap elementor-element-populated\">\n\t\t\t\t\t\t\t\t<div class=\"elementor-element elementor-element-cfde280 elementor-widget elementor-widget-heading\" data-id=\"cfde280\" data-element_type=\"widget\" data-widget_type=\"heading.default\">\n\t\t\t\t<div class=\"elementor-widget-container\">\n\t\t\t<style>\/*! elementor - v3.6.6 - 08-06-2022 *\/\n.elementor-heading-title{padding:0;margin:0;line-height:1}.elementor-widget-heading .elementor-heading-title[class*=elementor-size-]>a{color:inherit;font-size:inherit;line-height:inherit}.elementor-widget-heading .elementor-heading-title.elementor-size-small{font-size:15px}.elementor-widget-heading .elementor-heading-title.elementor-size-medium{font-size:19px}.elementor-widget-heading .elementor-heading-title.elementor-size-large{font-size:29px}.elementor-widget-heading .elementor-heading-title.elementor-size-xl{font-size:39px}.elementor-widget-heading .elementor-heading-title.elementor-size-xxl{font-size:59px}<\/style><h1 class=\"elementor-heading-title elementor-size-default\">Pol\u00edtica de Cookies<\/h1>\t\t<\/div>\n\t\t\t\t<\/div>\n\t\t\t\t\t<\/div>\n\t\t<\/div>\n\t\t\t\t\t\t\t<\/div>\n\t\t<\/section>\n\t\t\t\t<section class=\"elementor-section elementor-top-section elementor-element elementor-element-b5be491 elementor-section-boxed elementor-section-height-default elementor-section-height-default\" data-id=\"b5be491\" data-element_type=\"section\" data-settings=\"{&quot;background_background&quot;:&quot;classic&quot;}\">\n\t\t\t\t\t\t<div class=\"elementor-container elementor-column-gap-default\">\n\t\t\t\t\t<div class=\"elementor-column elementor-col-100 elementor-top-column elementor-element elementor-element-0996d10\" data-id=\"0996d10\" data-element_type=\"column\">\n\t\t\t<div class=\"elementor-widget-wrap elementor-element-populated\">\n\t\t\t\t\t\t\t\t<div class=\"elementor-element elementor-element-61a5485 elementor-widget elementor-widget-spacer\" data-id=\"61a5485\" data-element_type=\"widget\" data-widget_type=\"spacer.default\">\n\t\t\t\t<div class=\"elementor-widget-container\">\n\t\t\t<style>\/*! elementor - v3.6.6 - 08-06-2022 *\/\n.e-container.e-container--row .elementor-spacer-inner{width:var(--spacer-size)}.e-container.e-container--column .elementor-spacer-inner,.elementor-column .elementor-spacer-inner{height:var(--spacer-size)}<\/style>\t\t<div class=\"elementor-spacer\">\n\t\t\t<div class=\"elementor-spacer-inner\"><\/div>\n\t\t<\/div>\n\t\t\t\t<\/div>\n\t\t\t\t<\/div>\n\t\t\t\t<div class=\"elementor-element elementor-element-a821fc6 elementor-widget elementor-widget-heading\" data-id=\"a821fc6\" data-element_type=\"widget\" data-widget_type=\"heading.default\">\n\t\t\t\t<div class=\"elementor-widget-container\">\n\t\t\t<h2 class=\"elementor-heading-title elementor-size-default\">Pol\u00edtica de Cookies<\/h2>\t\t<\/div>\n\t\t\t\t<\/div>\n\t\t\t\t<div class=\"elementor-element elementor-element-a2ada84 elementor-widget elementor-widget-text-editor\" data-id=\"a2ada84\" data-element_type=\"widget\" data-widget_type=\"text-editor.default\">\n\t\t\t\t<div class=\"elementor-widget-container\">\n\t\t\t<style>\/*! elementor - v3.6.6 - 08-06-2022 *\/\n.elementor-widget-text-editor.elementor-drop-cap-view-stacked .elementor-drop-cap{background-color:#818a91;color:#fff}.elementor-widget-text-editor.elementor-drop-cap-view-framed .elementor-drop-cap{color:#818a91;border:3px solid;background-color:transparent}.elementor-widget-text-editor:not(.elementor-drop-cap-view-default) .elementor-drop-cap{margin-top:8px}.elementor-widget-text-editor:not(.elementor-drop-cap-view-default) .elementor-drop-cap-letter{width:1em;height:1em}.elementor-widget-text-editor .elementor-drop-cap{float:left;text-align:center;line-height:1;font-size:50px}.elementor-widget-text-editor .elementor-drop-cap-letter{display:inline-block}<\/style>\t\t\t\t<p><strong>EMPLEO DE COOKIES<\/strong><\/p><p><strong>CLASIFICACI\u00d3N Y PROVEEDORES DE COOKIES<\/strong><\/p><p><strong>DESACTIVACI\u00d3N DE LAS COOKIES<\/strong><\/p><p><strong>EMPLEO DE COOKIES<\/strong><\/p>\t\t\t\t\t\t<\/div>\n\t\t\t\t<\/div>\n\t\t\t\t\t<\/div>\n\t\t<\/div>\n\t\t\t\t\t\t\t<\/div>\n\t\t<\/section>\n\t\t\t\t<section class=\"elementor-section elementor-top-section elementor-element elementor-element-482ceb0 elementor-section-boxed elementor-section-height-default elementor-section-height-default\" data-id=\"482ceb0\" data-element_type=\"section\" data-settings=\"{&quot;background_background&quot;:&quot;classic&quot;}\">\n\t\t\t\t\t\t<div class=\"elementor-container elementor-column-gap-default\">\n\t\t\t\t\t<div class=\"elementor-column elementor-col-100 elementor-top-column elementor-element elementor-element-40b66cb\" data-id=\"40b66cb\" data-element_type=\"column\">\n\t\t\t<div class=\"elementor-widget-wrap elementor-element-populated\">\n\t\t\t\t\t\t\t\t<div class=\"elementor-element elementor-element-f4d82be elementor-widget elementor-widget-text-editor\" data-id=\"f4d82be\" data-element_type=\"widget\" data-widget_type=\"text-editor.default\">\n\t\t\t\t<div class=\"elementor-widget-container\">\n\t\t\t\t\t\t\t<p>En cumplimiento de la obligaci\u00f3n de informar en el momento de la instalaci\u00f3n de Cookies en su terminal inform\u00e1tico y en base al art\u00edculo 22.2 (derecho de los destinatarios de los servicios) de la\u00a0<strong>Ley 34\/2002, de 11 de julio, de Servicios de la Sociedad de la Informaci\u00f3n y de Comercio Electr\u00f3nico<\/strong>, le informamos de que los prestadores de servicios podr\u00e1n utilizar dispositivos de almacenamiento y recuperaci\u00f3n de datos en equipos terminales de los destinatarios, a condici\u00f3n de que los mismos hayan dado\u00a0<u>su consentimiento<\/u>\u00a0despu\u00e9s de que se les haya facilitado informaci\u00f3n clara y completa sobre su utilizaci\u00f3n, en particular, sobre los fines del tratamiento de los datos, con arreglo a lo dispuesto en el\u00a0 Reglamento (UE) 2016\/679 del Parlamento Europeo y del Consejo de 27 de abril de 2016 relativo a la protecci\u00f3n de las personas f\u00edsicas en lo que respecta al tratamiento de datos personales y a la libre circulaci\u00f3n de estos datos o RGPD y de la normativa espa\u00f1ola vigente y en Ley Org\u00e1nica 3\/2018, de 5 de diciembre, de Protecci\u00f3n de Datos Personales y garant\u00eda de los derechos digitales..<\/p><p>Le informamos que nuestro sitio web utiliza cookies.<\/p><p>ESTHER FERN\u00c1NDEZ GIL (EST\u00c9TICA AVANZADA ESTHER) muestra una barra con informaci\u00f3n sobre su Pol\u00edtica de cookies en la parte inferior\u00a0de cualquier p\u00e1gina del portal con cada inicio de sesi\u00f3n con el objeto de informarle en los t\u00e9rminos del Art\u00edculo 22.2 de Ley 34\/2002, de Servicios de la Sociedad de la Informaci\u00f3n y de Comercio Electr\u00f3nico (LSSI) en relaci\u00f3n con el Art\u00edculo 13 RGPD y el Art\u00edculo 11 de la LOPD Ley Org\u00e1nica 3\/2018, de 5 de diciembre, de Protecci\u00f3n de Datos Personales y garant\u00eda de los derechos digitales.<\/p><p>Texto barra de consentimiento informado de la Pol\u00edtica de Cookies:<\/p><p><em>\u201c<\/em>ESTHER FERN\u00c1NDEZ GIL (EST\u00c9TICA AVANZADA ESTHER)\u00a0<em>utiliza cookies anal\u00edticas, publicitarias, de redes sociales, de recomercializaci\u00f3n propias y de terceros, para la elaboraci\u00f3n de perfiles basadas en h\u00e1bitos de navegaci\u00f3n del usuario. Puede obtener m\u00e1s informaci\u00f3n en nuestra Pol\u00edtica de Cookies. Si acepta pulsando el bot\u00f3n \u201caceptar\u201d \u00a0consideramos que acepta su uso o puede gestionar las cookies y, por lo tanto, rechazarlas pulsando el bot\u00f3n \u201cconfigurar\u201d.<\/em><\/p><p>ESTHER FERN\u00c1NDEZ GIL (EST\u00c9TICA AVANZADA ESTHER) \u00a0\u00a0le recomienda que haga click en el enlace a la Pol\u00edtica de Cookies para visualizar toda la informaci\u00f3n acerca de las \u00a0Cookies con anterioridad a la aceptaci\u00f3n de las mismas.<br \/>Ante esta informaci\u00f3n es posible llevar a cabo las siguientes acciones:<\/p><ul><li><strong>Aceptar cookies<\/strong>. No se volver\u00e1 a visualizar este aviso al acceder a cualquier p\u00e1gina del portal durante la presente sesi\u00f3n.<\/li><li><strong>Modificar la configuraci\u00f3n<\/strong>. Se realizar\u00e1 a trav\u00e9s de la configuraci\u00f3n de su navegador y ser\u00e1 posible restringir o bloquear las cookies de ESTHER FERN\u00c1NDEZ GIL (EST\u00c9TICA AVANZADA ESTHER) en cualquier momento. En el caso de restringir o bloquear las cookies puede ver reducidas las funcionalidades de la web.<\/li><\/ul><p>Las cookies son peque\u00f1os ficheros de datos o conjunto de caracteres que se almacenan en el disco duro o en la memoria temporal del ordenador del usuario cuando accede a las p\u00e1ginas de determinados sitios Web. Se utilizan para que el servidor accedido pueda conocer las preferencias del usuario al volver \u00e9ste a conectarse.<\/p><p>Estas cookies nos permiten distinguirlo de otros usuarios de la p\u00e1gina web y nos ayuda a ofrecerle una \u00f3ptima experiencia al navegar por nuestro sitio web, as\u00ed como mejorarlo.<\/p><p>Tambi\u00e9n usamos cookies \u201canal\u00edticas\u201d que nos permiten reconocer y contar el n\u00famero de visitantes y de ver c\u00f3mo los usuarios se mueven por el sitio web. Esta informaci\u00f3n nos ayuda a mejorar el funcionamiento de nuestra web.<\/p><p>Algunas cookies son esenciales para el funcionamiento del sitio. No obstante si as\u00ed lo desea usted puede proceder a eliminar y bloquear todas las cookies de este sitio, aunque ser\u00eda posible que partes del sitio web no funcionaran.<\/p><p><strong>CLASIFICACI\u00d3N Y PROVEEDORES DE COOKIES<\/strong><\/p><p><u>*Seg\u00fan el responsable de tratamiento de la cookie:<\/u><\/p><p>Cookies propias: Son aquellas que se env\u00edan a tu equipo desde los equipos o dominios titularidad de ESTHER FERN\u00c1NDEZ GIL (EST\u00c9TICA AVANZADA ESTHER) y desde el que prestamos el servicio que nos solicitas.<\/p><p>Cookies de terceros: Son aquellas que se env\u00edan a tu equipo desde equipo o dominios cuyo titular no es ESTHER FERN\u00c1NDEZ GIL (EST\u00c9TICA AVANZADA ESTHER) sino por un tercero colaboradora (p.e.redes sociales \u2026) .<\/p><p><u>*Seg\u00fan el plazo de tiempo que permanecen activadas:<\/u><\/p><p>Cookies de sesi\u00f3n: Son cookies temporales que permanecen en el archivo de cookies de tu navegador hasta que abandonas la p\u00e1gina web, por lo que ninguna queda registrada en el disco duro de tu ordenador.<\/p><p>Cookies persistentes: se almacenan en el disco duro y el sitio web las lee cada vez que realizas una nueva visita. Tienen\u00a0 una fecha de expiraci\u00f3n determinada despu\u00e9s de la cual dejar\u00e1 de funcionar.<\/p><p><u>*Seg\u00fan su uso o finalidad<\/u>:<\/p><p>Cookies t\u00e9cnicas: Son aquellas necesarias para la navegaci\u00f3n y el buen funcionamiento de nuestra p\u00e1gina web. Permiten por ejemplo, controlar el tr\u00e1fico y la comunicaci\u00f3n de datos, acceder a partes de acceso restringido, utilizar elementos de seguridad, almacenar contenidos para poder difundir v\u00eddeos o compartir contenidos a trav\u00e9s de redes sociales.<\/p><p>Cookies de personalizaci\u00f3n: Son aqu\u00e9llas que te permiten acceder al servicio con unas caracter\u00edsticas predefinidas en funci\u00f3n de una serie de criterios ( p.e. idioma, etc.)<\/p><p>Cookies de anal\u00edticas: Permiten cuantificar el n\u00famero de usuarios y llevar a cabo un an\u00e1lisis estad\u00edstico de la utilizaci\u00f3n que hacen los usuarios de los servicios prestados.<\/p><p>Cookies publicitarias: Permiten la gesti\u00f3n de los espacios publicitarios que se pudieran incluir en nuestra p\u00e1gina web. Son aqu\u00e9llas que permiten la gesti\u00f3n, de la forma m\u00e1s eficaz posible, de los espacios publicitarios que, en su caso, el editor haya incluido en una p\u00e1gina web, aplicaci\u00f3n o plataforma desde la que presta el servicio solicitado. Estas cookies almacenan informaci\u00f3n del comportamiento de los usuarios obtenida a trav\u00e9s de la observaci\u00f3n continuada de sus h\u00e1bitos de navegaci\u00f3n, lo que permite desarrollar un perfil espec\u00edfico para mostrar publicidad en funci\u00f3n del mismo<\/p><p>Cookies de recomercializaci\u00f3n (Facebook): ESTHER FERN\u00c1NDEZ GIL (EST\u00c9TICA AVANZADA ESTHER) para realizar campa\u00f1as o anuncios contrata en determinados momentos los servicios de publicidad de Facebook,. Es posible que despu\u00e9s de visitar un sitio, observe un aumento en el n\u00famero de anuncios del sitio que visit\u00f3. Esto se debe a que los anunciantes, incluidos nosotros mismos, pagamos por estos anuncios. La tecnolog\u00eda para hacerlo existe gracias a las cookies, y como tal es posible que coloquemos una \u201ccookie de recomercializaci\u00f3n\u201d en su ordenador o dispositivo durante su visita.<\/p><p>Utilizamos estos anuncios para ofrecer promociones especiales y art\u00edculos para animarle a volver a nuestro sitio. Una de las formas en que lo hacemos es utilizando un segmento de c\u00f3digo de Facebook para saber cu\u00e1ndo visit\u00f3 nuestro sitio. Entonces configuramos la publicidad para que aparezca en sus redes sociales. No podemos contactar directamente con usted de forma proactiva (no sabemos qui\u00e9n es), ya que todo el proceso es totalmente an\u00f3nimo. Puede elegir no utilizar estas cookies en cualquier momento tal y como se ha explicado anteriormente.<\/p><p>Cookies de redes sociales: Para que pueda f\u00e1cilmente darle a \u201cMe gusta\u201d o compartir nuestro contenido en Facebook hemos incluido botones para compartir en nuestro sitio web. Las condiciones de privacidad var\u00edan dependiendo de la red social y de la configuraci\u00f3n de privacidad que haya elegido en la red.<\/p><p>Puede obtener m\u00e1s informaci\u00f3n de c\u00f3mo configurar su navegador para aceptar o no determinadas cookies o de c\u00f3mo eliminar las cookies en las gu\u00edas de configuraci\u00f3n de cookies, privacidad y seguridad de los fabricantes de cada uno de los navegadores.<\/p><p>A continuaci\u00f3n reproducimos una relaci\u00f3n de las cookies que se instalar\u00e1n en su ordenador por este sitio web si usted consiente en ello.<\/p><p>Puede obtener m\u00e1s informaci\u00f3n de c\u00f3mo configurar su navegador para aceptar o no determinadas cookies o de c\u00f3mo eliminar las cookies en las gu\u00edas de configuraci\u00f3n de cookies, privacidad y seguridad de los fabricantes de cada uno de los navegadores.<\/p><p>A continuaci\u00f3n reproducimos una relaci\u00f3n de las cookies que se instalar\u00e1n en su ordenador por este sitio web si usted consiente en ello.<\/p><table width=\"975\"><tbody><tr><td colspan=\"5\" width=\"975\"><p><strong>COOKIES DE TERCEROS<\/strong><\/p><\/td><\/tr><tr><td width=\"106\"><p><strong>Dominio\u00a0\u00a0\u00a0\u00a0\u00a0\u00a0\u00a0\u00a0\u00a0\u00a0\u00a0<\/strong><\/p><\/td><td width=\"113\"><p><strong>Nombre de la cookie<\/strong><\/p><\/td><td colspan=\"2\" width=\"613\"><p><strong>Informaci\u00f3n<\/strong><strong>\u00a0y\u00a0<\/strong><strong>expiraci\u00f3n<\/strong><\/p><\/td><td width=\"143\"><p><strong>M\u00e1s informaci\u00f3n<\/strong><\/p><\/td><\/tr><tr><td width=\"106\"><p>Google.com<\/p><\/td><td width=\"113\"><p>NID<\/p><\/td><td width=\"471\"><p>La mayor\u00eda de los usuarios de Google tienen habilitada en sus navegadores una cookie de preferencias denominada \u201cNID\u201d. Un navegador env\u00eda esta cookie a trav\u00e9s de solicitudes a los sitios web de Google. La cookie NID contiene un ID \u00fanico que Google utiliza para recordar tus preferencias y otra informaci\u00f3n, como tu idioma preferido (por ejemplo, el espa\u00f1ol), el n\u00famero de resultados de b\u00fasqueda que quieres que se muestren por p\u00e1gina (por ejemplo, 10 o 20) y si quieres que el filtro SafeSearch de Google est\u00e9 activado o desactivado.<\/p><\/td><td width=\"142\"><p>Expira a los 6 meses<\/p><\/td><td width=\"143\"><p><strong>\u00a0<\/strong><\/p><p><strong>\u00a0<\/strong><\/p><p><strong>Visite la Pol\u00edtica de Cookies de\u00a0<\/strong><a href=\"https:\/\/policies.google.com\/technologies\/types?hl=es\"><strong>Google<\/strong><\/a><\/p><\/td><\/tr><tr><td rowspan=\"15\" width=\"106\"><p>\u00a0<\/p><p>\u00a0<\/p><p>\u00a0<\/p><p>\u00a0<\/p><p>Facebook.com<\/p><p>\u00a0<\/p><p>\u00a0<\/p><p>\u00a0<\/p><\/td><td width=\"113\"><p>act<\/p><\/td><td width=\"471\"><p>Cookies t\u00e9cnicas y\u00a0 de seguimiento de actividad en Facebook. Permite identificar el navegador desde el que has accedido, contiene la \u00faltima p\u00e1gina de Facebook que el navegador web visitado,\u00a0 Para vincular su cuenta de Facebook y poder darle \u201cMe gusta\u201d a la p\u00e1gina web. Tambi\u00e9n nos permite conocer sus intereses y aficiones para crear publicidad m\u00e1s focalizada.<\/p><\/td><td width=\"142\"><p>Expira al cerrar sesi\u00f3n<\/p><\/td><td rowspan=\"9\" width=\"143\"><p>\u00a0<\/p><p>\u00a0<\/p><p>\u00a0<\/p><p>\u00a0<\/p><p><strong>Visite la Pol\u00edtica de Cookies de\u00a0<\/strong><a href=\"https:\/\/www.facebook.com\/help\/cookies\/?ref=sitefooter\"><strong>Facebook<\/strong><\/a><\/p><\/td><\/tr><tr><td width=\"113\"><p>pnl_data2<\/p><\/td><td width=\"471\"><p>\u2013<\/p><\/td><td width=\"142\"><p>Expira al cerrar sesi\u00f3n<\/p><\/td><\/tr><tr><td width=\"113\"><p>fr<\/p><\/td><td width=\"471\"><p>Esta cookie es utilizada por Facebook para rastrear a los usuarios de Facebook que se han excluido con fines publicitarios.<\/p><\/td><td width=\"142\"><p>Expira a los tres meses<\/p><\/td><\/tr><tr><td width=\"113\"><p>_js_fr<\/p><\/td><td width=\"471\"><p>\u2013\u00a0<\/p><\/td><td width=\"142\"><p>Expira a los tres meses.<\/p><\/td><\/tr><tr><td width=\"113\"><p>_js_sb<\/p><\/td><td width=\"471\"><p>\u2013<\/p><\/td><td width=\"142\"><p>Expira a los dos a\u00f1os<\/p><\/td><\/tr><tr><td width=\"113\"><p>_js_reg_fb_gate<\/p><\/td><td width=\"471\"><p>Estas cookies le permiten controlar los botones \u201cS\u00edganos en Facebook\u201d y \u201cMe gusta\u201d.<\/p><\/td><td width=\"142\"><p>Expira al cerrar sesi\u00f3n<\/p><\/td><\/tr><tr><td width=\"113\"><p>datr<\/p><\/td><td width=\"471\"><p>Facebook utiliza cookies de seguridad. Este sistema de seguridad llamado \u201cDelta\u201d comprueba en cada login si la cuenta de usuario est\u00e1 siendo utilizada fraudelentamente por un tercero. Esta comprobaci\u00f3n la realiza con el cookie DATR y la informaci\u00f3n que contiene<\/p><\/td><td width=\"142\"><p>Expira a los 2 a\u00f1os<\/p><\/td><\/tr><tr><td width=\"113\"><p>reg_fb_gate<\/p><\/td><td width=\"471\"><p>\u2013<\/p><\/td><td width=\"142\"><p>Expira al cerrar sesi\u00f3n<\/p><\/td><\/tr><tr><td width=\"113\"><p>_js_datr<\/p><\/td><td rowspan=\"3\" width=\"471\"><p>Le permite controlar los botones \u201cS\u00edganos en Facebook\u201d y \u201cMe gusta\u201d, recopilar la configuraci\u00f3n de idioma y permitirle compartir la p\u00e1gina<\/p><\/td><td width=\"142\"><p>Expira a los 3 meses<\/p><\/td><\/tr><tr><td width=\"113\"><p>sb<\/p><\/td><td width=\"142\"><p>Expira a los 2 a\u00f1os<\/p><\/td><td rowspan=\"6\" width=\"143\"><p>\u00a0<\/p><\/td><\/tr><tr><td width=\"113\"><p>wd<\/p><\/td><td width=\"142\"><p>Expira a la semana<\/p><\/td><\/tr><tr><td width=\"113\"><p><strong>guest_id<\/strong><\/p><\/td><td rowspan=\"4\" width=\"471\"><p>\u00a0<\/p><\/td><td width=\"142\"><p>Expira a los 2 a\u00f1os<\/p><\/td><\/tr><tr><td width=\"113\"><p><strong>_ga<\/strong><\/p><\/td><td width=\"142\"><p>Expira a los 2 a\u00f1os<\/p><\/td><\/tr><tr><td width=\"113\"><p><strong>_gat<\/strong><\/p><\/td><td width=\"142\"><p>Expira a los 10 minutos<\/p><\/td><\/tr><tr><td width=\"113\"><p><strong>eu_cn<\/strong><\/p><\/td><td width=\"142\"><p>Expira al a\u00f1o<\/p><\/td><\/tr><tr><td rowspan=\"2\" width=\"106\"><p>.atdmt.com<\/p><\/td><td width=\"113\"><p>AA003<\/p><\/td><td rowspan=\"2\" width=\"471\"><p>Cookies anal\u00edticas o de marketing. Estas cookie nos permite personalizar los anuncios para usted.<\/p><\/td><td width=\"142\"><p>Expira a los tres meses<\/p><\/td><td rowspan=\"2\" width=\"143\"><p><strong>Atlas solutions pertenece a Facebook.\u00a0<\/strong><strong>Haga click\u00a0<\/strong><a href=\"https:\/\/atlassolutionsgroup.com\/privacy-policy\/\" class=\"broken_link\"><strong>aqu\u00ed<\/strong><\/a>\u00a0<strong>para consultar su pol\u00edtica de privacidad<\/strong>.<\/p><\/td><\/tr><tr><td width=\"113\"><p>ATN<\/p><\/td><td width=\"142\"><p>Expira a los 2 a\u00f1os<\/p><\/td><\/tr><\/tbody><\/table><p><strong>DESACTIVACI\u00d3N DE LAS COOKIES.<\/strong><\/p><p>A continuaci\u00f3n te facilitamos los enlaces con la informaci\u00f3n necesaria para desactivar las cookies de los navegadores m\u00e1s utilizados:<\/p><ul><li>Internet Explorer\u00a0<a href=\"http:\/\/windows.microsoft.com\/es-es\/windows-vista\/block-or-allow-cookies\">M\u00e1s informaci\u00f3n<\/a><\/li><li>Firefox\u00a0<a href=\"http:\/\/support.mozilla.org\/es\/kb\/habilitar-y-deshabilitar-cookies-que-los-sitios-we\">M\u00e1s Informaci\u00f3n<\/a><\/li><li>Chrome\u00a0<a href=\"https:\/\/support.google.com\/accounts\/answer\/61416?hl=es\">M\u00e1s informaci\u00f3n<\/a><\/li><li>Opera\u00a0<a href=\"http:\/\/help.opera.com\/Linux\/10.60\/es-ES\/cookies.html\">M\u00e1s informaci\u00f3n<\/a><\/li><li>Safari\u00a0<a href=\"http:\/\/support.apple.com\/kb\/ph5042\">M\u00e1s informaci\u00f3n<\/a><\/li><\/ul><p>Si quieres eliminar la publicidad originada por las cookies de tercera parte, tambi\u00e9n tienes la opci\u00f3n de instalar en tu navegador un plugin como Adblock, que bloquee los anuncios.<\/p><p>En los dispositivos m\u00f3viles:<\/p><h6>Android<\/h6><ol><li>Inicie el navegador de la p\u00e1gina de inicio, seleccione el \u201cMen\u00fa\u201d, luego seleccione \u201cConfiguraci\u00f3n\u201d, despu\u00e9s \u201cConfiguraci\u00f3n del sitio\u201d, pulse \u201cCookies\u201d y seleccione sus preferencias<\/li><li>Para borrar las cookies ya almacenadas puede seleccionar \u201cPrivacidad\u201d y \u201cEliminar datos de navegaci\u00f3n\u201d.<\/li><\/ol><h6>iOS<\/h6><ol><li>En la p\u00e1gina de inicio, seleccione \u201cConfiguraci\u00f3n\u201d, \u201cSafari\u201d y \u201cBloquear cookies\u201d, a continuaci\u00f3n elija sus preferencias.<\/li><li>Para borrar las cookies ya almacenadas puede seleccionar \u201cBorrar la historia y los datos de la web\u201d<\/li><\/ol><h6>Windows<\/h6><ol><li>Iniciar Internet Explorer, seleccionar \u201cM\u00e1s\u201d, \u201cConfiguraci\u00f3n\u201d, luego en \u201cConfiguraci\u00f3n Avanzada\u201d.<\/li><li>A continuaci\u00f3n ir a la secci\u00f3n \u201cCookies de los sitios web\u201d (abajo) y seleccione sus preferencias.<\/li><li>Para eliminar las cookies ya almacenadas puede pulsar \u201cM\u00e1s\u201d y luego \u201cConfiguraci\u00f3n\u201d y \u201cBorrar historial\u201d.<\/li><\/ol>\t\t\t\t\t\t<\/div>\n\t\t\t\t<\/div>\n\t\t\t\t<div class=\"elementor-element elementor-element-0871d69 elementor-widget elementor-widget-spacer\" data-id=\"0871d69\" data-element_type=\"widget\" data-widget_type=\"spacer.default\">\n\t\t\t\t<div class=\"elementor-widget-container\">\n\t\t\t\t\t<div class=\"elementor-spacer\">\n\t\t\t<div class=\"elementor-spacer-inner\"><\/div>\n\t\t<\/div>\n\t\t\t\t<\/div>\n\t\t\t\t<\/div>\n\t\t\t\t\t<\/div>\n\t\t<\/div>\n\t\t\t\t\t\t\t<\/div>\n\t\t<\/section>\n\t\t\t\t\t\t\t<\/div>\n\t\t","protected":false},"excerpt":{"rendered":"<p>Pol\u00edtica de Cookies Pol\u00edtica de Cookies EMPLEO DE COOKIES CLASIFICACI\u00d3N Y PROVEEDORES DE COOKIES DESACTIVACI\u00d3N DE LAS COOKIES EMPLEO DE COOKIES En cumplimiento de la obligaci\u00f3n de informar en el momento de la instalaci\u00f3n de Cookies en su terminal inform\u00e1tico y en base al art\u00edculo 22.2 (derecho de los destinatarios de los servicios) de la\u00a0Ley &hellip;<\/p>\n<p class=\"read-more\"> <a class=\"\" href=\"https:\/\/esteticaavanzadaesther.com\/?page_id=897\"> <span class=\"screen-reader-text\">Pol\u00edtica de Cookies<\/span> Leer m\u00e1s &raquo;<\/a><\/p>\n","protected":false},"author":1,"featured_media":0,"parent":0,"menu_order":0,"comment_status":"closed","ping_status":"closed","template":"elementor_theme","meta":{"site-sidebar-layout":"no-sidebar","site-content-layout":"page-builder","ast-main-header-display":"","ast-hfb-above-header-display":"","ast-hfb-below-header-display":"","ast-hfb-mobile-header-display":"","site-post-title":"disabled","ast-breadcrumbs-content":"disabled","ast-featured-img":"disabled","footer-sml-layout":"","theme-transparent-header-meta":"enabled","adv-header-id-meta":"","stick-header-meta":"","header-above-stick-meta":"","header-main-stick-meta":"","header-below-stick-meta":"","_joinchat":[],"footnotes":""},"class_list":["post-897","page","type-page","status-publish","hentry"],"_links":{"self":[{"href":"https:\/\/esteticaavanzadaesther.com\/index.php?rest_route=\/wp\/v2\/pages\/897","targetHints":{"allow":["GET"]}}],"collection":[{"href":"https:\/\/esteticaavanzadaesther.com\/index.php?rest_route=\/wp\/v2\/pages"}],"about":[{"href":"https:\/\/esteticaavanzadaesther.com\/index.php?rest_route=\/wp\/v2\/types\/page"}],"author":[{"embeddable":true,"href":"https:\/\/esteticaavanzadaesther.com\/index.php?rest_route=\/wp\/v2\/users\/1"}],"replies":[{"embeddable":true,"href":"https:\/\/esteticaavanzadaesther.com\/index.php?rest_route=%2Fwp%2Fv2%2Fcomments&post=897"}],"version-history":[{"count":7,"href":"https:\/\/esteticaavanzadaesther.com\/index.php?rest_route=\/wp\/v2\/pages\/897\/revisions"}],"predecessor-version":[{"id":904,"href":"https:\/\/esteticaavanzadaesther.com\/index.php?rest_route=\/wp\/v2\/pages\/897\/revisions\/904"}],"wp:attachment":[{"href":"https:\/\/esteticaavanzadaesther.com\/index.php?rest_route=%2Fwp%2Fv2%2Fmedia&parent=897"}],"curies":[{"name":"wp","href":"https:\/\/api.w.org\/{rel}","templated":true}]}}